{"id":87,"date":"2019-03-11T11:24:07","date_gmt":"2019-03-11T10:24:07","guid":{"rendered":"http:\/\/mts.polsl.pl\/?page_id=87"},"modified":"2022-05-26T11:51:08","modified_gmt":"2022-05-26T09:51:08","slug":"komitet-techniczny","status":"publish","type":"page","link":"https:\/\/mts.polsl.pl\/pl\/?page_id=87","title":{"rendered":"Komitet Techniczny Konferencji"},"content":{"rendered":"\n<p><strong>dr hab. in\u017c Marek Sroka, prof. P\u015a<\/strong> <\/p>\n\n\n\n<p><strong>dr in\u017c. Rafa\u0142 Honysz<\/strong><\/p>\n\n\n\n<p><strong>mgr in\u017c. Grzegorz Bobik<\/strong><\/p>\n\n\n\n<p><strong>mgr in\u017c. Bart\u0142omiej Hrapkowicz<\/strong><\/p>\n\n\n\n<p><strong>mgr in\u017c. Weronika Smok<\/strong><\/p>\n\n\n\n<br><br><br><br>\n\n\n\n<p><\/p>\n","protected":false},"excerpt":{"rendered":"<p>dr hab. in\u017c Marek Sroka, prof. P\u015a dr in\u017c. Rafa\u0142 Honysz mgr in\u017c. Grzegorz Bobik mgr in\u017c. Bart\u0142omiej Hrapkowicz mgr in\u017c. Weronika Smok<\/p>\n","protected":false},"author":1,"featured_media":0,"parent":0,"menu_order":0,"comment_status":"closed","ping_status":"closed","template":"","meta":{"footnotes":""},"_links":{"self":[{"href":"https:\/\/mts.polsl.pl\/pl\/index.php?rest_route=\/wp\/v2\/pages\/87"}],"collection":[{"href":"https:\/\/mts.polsl.pl\/pl\/index.php?rest_route=\/wp\/v2\/pages"}],"about":[{"href":"https:\/\/mts.polsl.pl\/pl\/index.php?rest_route=\/wp\/v2\/types\/page"}],"author":[{"embeddable":true,"href":"https:\/\/mts.polsl.pl\/pl\/index.php?rest_route=\/wp\/v2\/users\/1"}],"replies":[{"embeddable":true,"href":"https:\/\/mts.polsl.pl\/pl\/index.php?rest_route=%2Fwp%2Fv2%2Fcomments&post=87"}],"version-history":[{"count":9,"href":"https:\/\/mts.polsl.pl\/pl\/index.php?rest_route=\/wp\/v2\/pages\/87\/revisions"}],"predecessor-version":[{"id":534,"href":"https:\/\/mts.polsl.pl\/pl\/index.php?rest_route=\/wp\/v2\/pages\/87\/revisions\/534"}],"wp:attachment":[{"href":"https:\/\/mts.polsl.pl\/pl\/index.php?rest_route=%2Fwp%2Fv2%2Fmedia&parent=87"}],"curies":[{"name":"wp","href":"https:\/\/api.w.org\/{rel}","templated":true}]}}