{"id":50,"date":"2019-02-27T14:59:41","date_gmt":"2019-02-27T13:59:41","guid":{"rendered":"http:\/\/mts.polsl.pl\/?page_id=50"},"modified":"2022-03-11T14:06:34","modified_gmt":"2022-03-11T13:06:34","slug":"koszty-konferencji","status":"publish","type":"page","link":"https:\/\/mts.polsl.pl\/pl\/?page_id=50","title":{"rendered":"Op\u0142ata konferencyjna"},"content":{"rendered":"\n<table class=\"wp-block-table\"><tbody><tr><td width=\"90%\">   <strong>Op\u0142ata   konferencyjna (brutto):<br> <\/strong>(uczestnictwo w sesjach, wy\u017cywienie, przerwy kawowe, 3 noclegi (w pokojach 1 lub 2-osobowych \u2013 liczba miejsc ograniczona, decyduje kolejno\u015b\u0107 zg\u0142osze\u0144), program socjalny, materia\u0142y konferencyjne, zeszyt abstrakt\u00f3w):   <\/td><td>\n  <strong>3150 z\u0142<\/strong>  <\/td><\/tr><\/tbody><\/table>\n\n\n\n<p style=\"text-align:center\"><strong>Termin nadsy\u0142ania zg\u0142osze\u0144 uczestnictwa wraz z abstraktami: 31.03.2022<\/strong><\/p>\n\n\n\n<p style=\"text-align:center\"><strong>Termin op\u0142aty konferencyjnej: 31.03.2022<\/strong><\/p>\n\n\n\n<p><strong>Przelew bankowy:<\/strong><\/p>\n\n\n\n<table class=\"wp-block-table\"><tbody><tr><td>\n  <strong>Nazwa konta <\/strong>\n  <\/td><td>Stowarzyszenie Wychowank\u00f3w Politechniki \u015al\u0105skiej<br>Ko\u0142o In\u017cynierii Materia\u0142owej<br>44-100 Gliwice, ul. Pszczy\u0144ska 85   <\/td><\/tr><tr><td>\n  <strong>Nazwa banku <\/strong>\n  <\/td><td>ING BANK \u015aL\u0104SKI S.A.    <\/td><\/tr><tr><td>\n  <strong>Numer konta <\/strong>\n  <\/td><td>49 1050 1298 1000 0090 8084 1175  <\/td><\/tr><tr><td>\n  <strong>Swift code<\/strong>\n  <\/td><td>INGBPLPW<\/td><\/tr><tr><td>\n  <strong>Tytu\u0142 przelewu<\/strong>\n  <\/td><td>Konferencja MTS\u20192022, imi\u0119 i nazwisko uczestnika   <\/td><\/tr><tr><td>\n  <strong>NIP <\/strong>\n  <\/td><td>631-10-69-505   <\/td><\/tr><\/tbody><\/table>\n\n\n\n<br><br><br><br>\n","protected":false},"excerpt":{"rendered":"<p>Op\u0142ata konferencyjna (brutto): (uczestnictwo w sesjach, wy\u017cywienie, przerwy kawowe, 3 noclegi (w pokojach 1 lub 2-osobowych \u2013 liczba miejsc ograniczona, decyduje kolejno\u015b\u0107 zg\u0142osze\u0144), program socjalny,&hellip;<\/p>\n","protected":false},"author":1,"featured_media":0,"parent":0,"menu_order":0,"comment_status":"closed","ping_status":"closed","template":"","meta":{"footnotes":""},"_links":{"self":[{"href":"https:\/\/mts.polsl.pl\/pl\/index.php?rest_route=\/wp\/v2\/pages\/50"}],"collection":[{"href":"https:\/\/mts.polsl.pl\/pl\/index.php?rest_route=\/wp\/v2\/pages"}],"about":[{"href":"https:\/\/mts.polsl.pl\/pl\/index.php?rest_route=\/wp\/v2\/types\/page"}],"author":[{"embeddable":true,"href":"https:\/\/mts.polsl.pl\/pl\/index.php?rest_route=\/wp\/v2\/users\/1"}],"replies":[{"embeddable":true,"href":"https:\/\/mts.polsl.pl\/pl\/index.php?rest_route=%2Fwp%2Fv2%2Fcomments&post=50"}],"version-history":[{"count":26,"href":"https:\/\/mts.polsl.pl\/pl\/index.php?rest_route=\/wp\/v2\/pages\/50\/revisions"}],"predecessor-version":[{"id":500,"href":"https:\/\/mts.polsl.pl\/pl\/index.php?rest_route=\/wp\/v2\/pages\/50\/revisions\/500"}],"wp:attachment":[{"href":"https:\/\/mts.polsl.pl\/pl\/index.php?rest_route=%2Fwp%2Fv2%2Fmedia&parent=50"}],"curies":[{"name":"wp","href":"https:\/\/api.w.org\/{rel}","templated":true}]}}