{"id":5,"date":"2019-02-27T14:14:39","date_gmt":"2019-02-27T13:14:39","guid":{"rendered":"http:\/\/mts.polsl.pl\/?page_id=5"},"modified":"2022-01-05T13:10:57","modified_gmt":"2022-01-05T12:10:57","slug":"organizator","status":"publish","type":"page","link":"https:\/\/mts.polsl.pl\/pl\/?page_id=5","title":{"rendered":"Organizator"},"content":{"rendered":"\n<p><strong>Ko\u0142o In\u017cynierii Materia\u0142owej <\/strong>przy Oddziale Wydzia\u0142u Mechanicznego Technologicznego Stowarzyszenia Wychowank\u00f3w Politechniki \u015al\u0105skiej, Gliwice<\/p>\n\n\n\n<br><br><br><br>\n","protected":false},"excerpt":{"rendered":"<p>Ko\u0142o In\u017cynierii Materia\u0142owej przy Oddziale Wydzia\u0142u Mechanicznego Technologicznego Stowarzyszenia Wychowank\u00f3w Politechniki \u015al\u0105skiej, Gliwice<\/p>\n","protected":false},"author":1,"featured_media":0,"parent":0,"menu_order":0,"comment_status":"closed","ping_status":"closed","template":"","meta":{"footnotes":""},"_links":{"self":[{"href":"https:\/\/mts.polsl.pl\/pl\/index.php?rest_route=\/wp\/v2\/pages\/5"}],"collection":[{"href":"https:\/\/mts.polsl.pl\/pl\/index.php?rest_route=\/wp\/v2\/pages"}],"about":[{"href":"https:\/\/mts.polsl.pl\/pl\/index.php?rest_route=\/wp\/v2\/types\/page"}],"author":[{"embeddable":true,"href":"https:\/\/mts.polsl.pl\/pl\/index.php?rest_route=\/wp\/v2\/users\/1"}],"replies":[{"embeddable":true,"href":"https:\/\/mts.polsl.pl\/pl\/index.php?rest_route=%2Fwp%2Fv2%2Fcomments&post=5"}],"version-history":[{"count":6,"href":"https:\/\/mts.polsl.pl\/pl\/index.php?rest_route=\/wp\/v2\/pages\/5\/revisions"}],"predecessor-version":[{"id":466,"href":"https:\/\/mts.polsl.pl\/pl\/index.php?rest_route=\/wp\/v2\/pages\/5\/revisions\/466"}],"wp:attachment":[{"href":"https:\/\/mts.polsl.pl\/pl\/index.php?rest_route=%2Fwp%2Fv2%2Fmedia&parent=5"}],"curies":[{"name":"wp","href":"https:\/\/api.w.org\/{rel}","templated":true}]}}