{"id":36,"date":"2019-02-27T14:45:29","date_gmt":"2019-02-27T13:45:29","guid":{"rendered":"http:\/\/mts.polsl.pl\/?page_id=36"},"modified":"2022-01-05T13:07:38","modified_gmt":"2022-01-05T12:07:38","slug":"zakres-tematyczny-konferencji","status":"publish","type":"page","link":"https:\/\/mts.polsl.pl\/pl\/?page_id=36","title":{"rendered":"Zakres tematyczny Konferencji"},"content":{"rendered":"\n<ul><li>Materia\u0142y in\u017cynierskie: <\/li><\/ul>\n\n\n\n<p>Stopy metali, materia\u0142y narz\u0119dziowe, kompozyty, ceramika i szk\u0142o, materia\u0142y amorficzne, nanomateria\u0142y, biomateria\u0142y, polimery <\/p>\n\n\n\n<ul><li>Badania w\u0142asno\u015bci materia\u0142\u00f3w in\u017cynierskich <\/li><\/ul>\n\n\n\n<p>W\u0142asno\u015bci mechaniczne, zm\u0119czenie materia\u0142\u00f3w, odporno\u015b\u0107 na p\u0119kanie, badania korozyjne i erozyjne, w\u0142asno\u015bci trybologiczne <\/p>\n\n\n\n<ul><li>Metodologia badawcza <\/li><\/ul>\n\n\n\n<p>Metalografia i analiza obrazu, mikroskopia elektronowa, rentgenowska analiza fazowa <\/p>\n\n\n\n<ul><li>Modelowanie w\u0142asno\u015bci materia\u0142\u00f3w <\/li><\/ul>\n\n\n\n<p>Techniki numeryczne, metody statystyczne, CAD\/CAM <\/p>\n\n\n\n<ul><li>Procesy wytwarzania <\/li><\/ul>\n\n\n\n<p>Odlewanie, metalurgia proszk\u00f3w, spawanie, spiekanie, obr\u00f3bka cieplna, obr\u00f3bka powierzchniowa, pow\u0142oki i cienkie warstwy, skrawanie, obr\u00f3bka plastyczna <\/p>\n\n\n\n<ul><li>Jako\u015b\u0107 w in\u017cynierii materia\u0142owej <\/li><\/ul>\n\n\n\n<p>In\u017cynieria jako\u015bci, jako\u015b\u0107 materia\u0142u, jako\u015b\u0107 proces\u00f3w wytw\u00f3rczych, technologiczno\u015b\u0107, kontrola jako\u015bci, jako\u015bci bada\u0144 laboratoryjnych, zarz\u0105dzania jako\u015bci\u0105 wyrob\u00f3w i proces\u00f3w<\/p>\n\n\n\n<ul><li>Wsp\u00f3\u0142praca z przemys\u0142em w realizacji projekt\u00f3w badawczych <\/li><\/ul>\n\n\n\n<ul><li>Wdro\u017cenia przemys\u0142owe.<\/li><\/ul>\n\n\n\n<h2>&nbsp;<\/h2><br>\n","protected":false},"excerpt":{"rendered":"<p>Materia\u0142y in\u017cynierskie: Stopy metali, materia\u0142y narz\u0119dziowe, kompozyty, ceramika i szk\u0142o, materia\u0142y amorficzne, nanomateria\u0142y, biomateria\u0142y, polimery Badania w\u0142asno\u015bci materia\u0142\u00f3w in\u017cynierskich W\u0142asno\u015bci mechaniczne, zm\u0119czenie materia\u0142\u00f3w, odporno\u015b\u0107 na&hellip;<\/p>\n","protected":false},"author":1,"featured_media":0,"parent":0,"menu_order":0,"comment_status":"closed","ping_status":"closed","template":"","meta":{"footnotes":""},"_links":{"self":[{"href":"https:\/\/mts.polsl.pl\/pl\/index.php?rest_route=\/wp\/v2\/pages\/36"}],"collection":[{"href":"https:\/\/mts.polsl.pl\/pl\/index.php?rest_route=\/wp\/v2\/pages"}],"about":[{"href":"https:\/\/mts.polsl.pl\/pl\/index.php?rest_route=\/wp\/v2\/types\/page"}],"author":[{"embeddable":true,"href":"https:\/\/mts.polsl.pl\/pl\/index.php?rest_route=\/wp\/v2\/users\/1"}],"replies":[{"embeddable":true,"href":"https:\/\/mts.polsl.pl\/pl\/index.php?rest_route=%2Fwp%2Fv2%2Fcomments&post=36"}],"version-history":[{"count":22,"href":"https:\/\/mts.polsl.pl\/pl\/index.php?rest_route=\/wp\/v2\/pages\/36\/revisions"}],"predecessor-version":[{"id":459,"href":"https:\/\/mts.polsl.pl\/pl\/index.php?rest_route=\/wp\/v2\/pages\/36\/revisions\/459"}],"wp:attachment":[{"href":"https:\/\/mts.polsl.pl\/pl\/index.php?rest_route=%2Fwp%2Fv2%2Fmedia&parent=36"}],"curies":[{"name":"wp","href":"https:\/\/api.w.org\/{rel}","templated":true}]}}