{"id":279,"date":"2019-08-19T02:07:58","date_gmt":"2019-08-19T00:07:58","guid":{"rendered":"http:\/\/mts.polsl.pl\/pl\/?page_id=279"},"modified":"2021-12-20T11:26:21","modified_gmt":"2021-12-20T10:26:21","slug":"wydarzenia-towarzyskie","status":"publish","type":"page","link":"https:\/\/mts.polsl.pl\/pl\/?page_id=279","title":{"rendered":"Wydarzenia towarzysz\u0105ce"},"content":{"rendered":"\n<p><strong>Sesja naukowa: Innovative and additive manufacturing technology \u2013 new technological solutions for 3D printing of metals and composite materials<\/strong> &nbsp;<\/p>\n\n\n\n<p>\nInnovative\nand additive manufacturing technology \u2013 new technological solutions\nfor 3D printing of metals and composite materials\nis the title of currently running international project, were the\nInstitute\nof Engineering Materials and Biomaterials of Silesian University of\nTechnology (SUT) is a partner. \n<\/p>\n\n\n\n<p>\nThe\naim of the project is to create a unique research platform in the\nfield of &#8222;Innovative additive production technologies&#8221;\ndealing with interdisciplinary issues that will support and\nstrengthen long-term intersectoral cooperation. The main idea of the\nproject is to develop cooperation between research units and the\nindustrial sector as part of joint research and development. The\nproject focuses on research work in the field of 3D printing of metal\npowders by means of selective laser melting technology (SLM) and\nfused deposition modelling (FDM). Additive manufacturing is a\nmultidisciplinary issue requiring joint solutions of designers,\ntechnologists, meteorologists, metallographers, surface engineers and\nother specialists with high technical education. Also related to 3D\nprinting are other necessary processes, namely a new creative\napproach to designing (use of topological optimization and design of\nbionic structures), preparation of manufacturing and the\nmanufacturing process, and post-processing (heat treatment, chip\nmachining on CNC machine tools, surface treatment, 3D measuring and\n3D scanning).<\/p>\n\n\n\n<p>\nThe\nkey activities of the project are aimed at ensuring the bilateral\ntransfer of unique knowledge, experience and know-how of the entities\ninvolved, preparation and development of a long-term strategy for\ncooperation between research units and the industrial sector,\nconducting joint research work, strengthening existing cooperation\nand developing new cooperation with the industrial sector &#8211; entities\nbased in the ITI Ostrava agglomeration and the creation and\ndevelopment of a joint research centre. The added value of the\nproject is to develop new technological solutions (3D printing of\nmetals and composite materials) and innovative technologies,\nconsidering the current technical and technological requirements in\nthe engineering industry. The project will enable the creation of a\nunique research team capable of implementing specific practical tasks\nand conducting a two-way transfer of knowledge, experience and\nresearch results to the industrial sector and final applications.<\/p>\n\n\n\n<p>\nThe\nproject consortium consists of research units: V\u0160B-Technical\nUniversity of Ostrava (Czech Republic) &#8211; project leader, Klast\naditivn\u00ed v\u00fdroby, zs (Czech Republic), Fraunhofer Institut f\u00fcr\nWerkzeaugmaschinen und Umformtechnik IWU (Germany), Silesian\nUniversity of Technology \u2013 SUT (Poland), University of \u017dilina\n(Slovakia) and industrial partners: V-NASS, as, V\u00edtkovice &#8211; v\u00fdzkum\na v\u00fdvoj &#8211; technick\u00e9 aplikace as, BREBECK Composite sro, dk metal\nprominent sro, Advanced Metal Powders, sro.<\/p>\n\n\n\n<p>\nThe\nproject is funded by the European Union of the Czech Republic under\nthe European Structural and Investment Funds, Operational Programme\nResearch, Development and Education in 2018-2021.<\/p>\n\n\n\n<p><strong>Sesja naukowa: Integracja zaawansowanych metod badawczych, obliczeniowych oraz przetwarzania danych dla innowacji technologii spawania stali nierdzewnej typu duplex<\/strong> <\/p>\n\n\n\n<p>\nW\nramach realizowanego projektu stworzono mi\u0119dzynarodowy zesp\u00f3\u0142\nbadawczy (z kraj\u00f3w UE oraz Azji) posiadaj\u0105cy szeroki zakres wiedzy\ni do\u015bwiadcze\u0144 praktycznych w dziedzinie spawania, charakterystyki\nmateria\u0142\u00f3w, komputerowego wspomagania prac in\u017cynierskich,\nmodelowania predykcyjnego opartego na zjawiskach fizycznych \/\nchemicznych oraz przetwarzania du\u017cych zbir\u00f3w danych (Big data), aby\nsprosta\u0107 nadchodz\u0105cym wyzwaniom, przed kt\u00f3rymi staje obecnie\nprzemys\u0142 i \u015bwiat nauki w zakresie bada\u0144 naukowych i prac\nbadawczo-rozwojowych dotycz\u0105cych stali nierdzewnych typu duplex.\nWymaga to specjalistycznej wiedzy i innowacji, zaawansowanego sprz\u0119tu\ni metod oraz op\u0142acalnych rozwi\u0105za\u0144, kt\u00f3re mo\u017cna rozwin\u0105\u0107\ndzi\u0119ki mi\u0119dzynarodowej wsp\u00f3\u0142pracy. Prace naukowe prowadzone w\nramach projektu obejmuj\u0105 badania podstawowe w zakresie spawania\nstali nierdzewnych typu duplex w jedno- i r\u00f3\u017cnoimiennych\nkonfiguracjach materia\u0142owych, a tak\u017ce opracowanie nowych\ntechnologii i rozwi\u0105za\u0144 materia\u0142\u00f3w z tym zwi\u0105zanych. Projekt\nprowadzony jest w ramach akcji RISE i odbywa si\u0119 z udzia\u0142em 8\npartner\u00f3w (5 z kraj\u00f3w europejskich i 3 z kraj\u00f3w azjatyckich) przy\nszeroko zakrojonej akcji wymian\u0105 naukowc\u00f3w (33 naukowc\u00f3w i 110\nosobomiesi\u0119cy) przez okres 4 lat, aby w pe\u0142ni wydoby\u0107\nkomplementarn\u0105 si\u0142\u0119 i synergi\u0119 dzia\u0142a\u0144 w ramach powsta\u0142ego\nkonsorcjum badawczego.<\/p>\n\n\n\n<p>\nProjekt\nobejmuje wsp\u00f3lne badania nad spawaniem stali nierdzewnej typu duplex\nza pomoc\u0105 nowoczesnego systemu wymiany danych, wynik\u00f3w\neksperymentalnych i predykcyjnego modelowania fizycznego w celu\nopracowania nowych materia\u0142\u00f3w i proces\u00f3w przetwarzania tych stali.\nW ramach projektu zostanie opracowany uporz\u0105dkowany system danych\ndla kluczowych sk\u0142adnik\u00f3w strukturalnych\/fazowych powstaj\u0105cych w\ntrakcie spawania i korozji stali typu duplex. W ramach projektu\nzostan\u0105 ustalone optymalne warunki spawania zapewniaj\u0105ce wysokie\nw\u0142asno\u015bci mechaniczne i odporno\u015b\u0107 korozyjn\u0105 przy pomocy\nhybrydowej metodyki komputerowego wspomagania (CAD\/CAM) i modelowania\nfizycznego materia\u0142\u00f3w. Uzyskane dane i zaawansowane podej\u015bcie\nzostan\u0105 wykorzystane do opracowania nowej technologii wytwarzania\nzapewniaj\u0105cej kontrol\u0119 struktury, wyst\u0119puj\u0105cych faz wt\u00f3rnych\noraz wad spawalniczych, w szczeg\u00f3lno\u015bci w strefie wp\u0142ywu ciep\u0142a\n(SWC), kt\u00f3ra stanowi najbardziej krytyczny\/ograniczaj\u0105cy czynnik w\ntrakcie przetwarzania i stosowania stali nierdzewnych typu duplex\noraz innych materia\u0142\u00f3w metalowych. \n<\/p>\n\n\n\n<p>\nProwadzone\nprace b\u0119d\u0105 zorientowane na zastosowaniu nowoczesnych technologii\nprzetwarzania danych i modelowania predykcyjnego w opracowaniu\nnowych\/hybrydowych system\u00f3w materia\u0142owych dla znacz\u0105cej redukcji\nich wagi oraz koszt\u00f3w. Powsta\u0142y w ten spos\u00f3b zaawansowany system\ndanych, nowych materia\u0142\u00f3w, proces\u00f3w spawania i hybrydowych lekkich\nmateria\u0142\u00f3w przyczyni\u0105 si\u0119 do zwi\u0119kszenia potencja\u0142u badawczego\ni innowacyjnego w Europie i na \u015bwiecie w zakresie stali nierdzewnych\ntypu duplex oraz zwi\u0105zanych z nimi system\u00f3w o d\u0142ugoterminowym\nwp\u0142ywie na aspekty gospodarcze i spo\u0142eczne. \n<\/p>\n\n\n\n<p>\nOpracowany\nw ramach projektu zaawansowany system danych b\u0119dzie s\u0142u\u017cy\u0107 jako\nplatforma bazowa dla przysz\u0142ych bada\u0144 naukowych i innowacji\nprzemys\u0142owych, przyspieszaj\u0105c cykl opracowania nowych materia\u0142\u00f3w,\ntechnologii lub produkt\u00f3w, z zasadniczym wk\u0142adem w badania naukowe\ni przemys\u0142owe prace badawczo-rozwojowe. Zwi\u0119kszy to r\u00f3wnie\u017c\npotencja\u0142 badawczy i innowacyjny w zakresie interdyscyplinarnych i\nmi\u0119dzysektorowych dzia\u0142a\u0144 partner\u00f3w projektu umo\u017cliwiaj\u0105c\nwsp\u00f3lne opracowanie prze\u0142omowych rozwi\u0105za\u0144 technologicznych.\nProwadzone prace b\u0119d\u0105 \u0142\u0105czy\u0107 nowatorskie podej\u015bcie w zakresie\ninnowacji i prac badawczo-rozwojowych, co przyczyni si\u0119 do rozwoju\nnowoczesnego Przemys\u0142u 4.0 w zakresie spawania i znacznie\nprzyspieszy rozw\u00f3j umiej\u0119tno\u015bci badawczych, wiedzy oraz kariery\nm\u0142odych naukowc\u00f3w w zakresie \u0142a\u0144cuch dostaw zorientowany na\nklienta (ECR) z trwa\u0142ym wp\u0142ywem w UE i poza ni\u0105.<\/p>\n\n\n\n<p>\nW\nprojekt s\u0105 zaanga\u017cowane: Liverpool John Moores University (Wielka\nBrytania) jako koordynator projektu, mi\u0119dzynarodowe jednostki\nnaukowo-badawcze: Politechnika \u015al\u0105ska (Polska), Hogskolan Vast\n(Szwecja), Electric Welding Institute of the National Academy of\nSciences of Ukraine (Ukraina), Yanshan University (Chiny), University\nof Malaya (Malezja) oraz partner przemys\u0142owy Ermetal Otomotiv Ve\nEsya Sanayi Tic. A.S. (Turcja). \n<\/p>\n\n\n\n<p><strong>Mi\u0119dzynarodowa Studencka Konferencja Naukowa TalentDetector2022_Summer<\/strong> <\/p>\n\n\n\n<p>Tempo zmian cywilizacyjnych, g\u0142\u00f3wnie w wyniku post\u0119pu technologicznego, sprawia, \u017ce uczelnia i osoby przez ni\u0105 kszta\u0142cone musz\u0105 elastycznie reagowa\u0107 na pojawiaj\u0105ce si\u0119 zmiany na rynku pracy i dostosowywa\u0107 si\u0119 do nowych wyzwa\u0144 i wymaga\u0144. Student\u00f3w oraz nauczycieli akademickich charakteryzuje ciekawo\u015b\u0107 poznawcza i determinacja w podejmowaniu dzia\u0142a\u0144 w zakresie w\u0142asnych zainteresowa\u0144 i nie rzadko dla w\u0142asnej przyjemno\u015bci, w oparciu o wiedz\u0119 oraz do\u015bwiadczenie zawodowe oraz stopniowo uzyskiwane dodatkowe umiej\u0119tno\u015bci, kt\u00f3re w efekcie pozwalaj\u0105 na osi\u0105gni\u0119cie zamierzonego celu. Wychodz\u0105c naprzeciw wy\u017cej wspomnianym oczekiwaniom studentom proponuje si\u0119 dodatkow\u0105 aktywno\u015b\u0107 w ramach dzia\u0142alno\u015bci studenckich k\u00f3\u0142 naukowych. Zgodnie ze statutem dzia\u0142alno\u015bci studenckich k\u00f3\u0142 naukowych maj\u0105 one za zadanie promowanie wiedzy technicznej oraz rozw\u00f3j indywidualny student\u00f3w. Ko\u0142a prowadz\u0105 swoj\u0105 dzia\u0142alno\u015b\u0107 poprzez wyznaczanie indywidualnych zada\u0144 problemowych zwi\u0105zanych z nowoczesnymi technologiami w in\u017cynierii materia\u0142owej. Zaanga\u017cowanie w prace ko\u0142a daje studentom mo\u017cliwo\u015b\u0107 pe\u0142niejszej i szerszej realizacji prac przej\u015bciowych i dyplomowych w zakresie tematyki zwi\u0105zanej z kierunkiem studi\u00f3w. Ponadto charakter dzia\u0142alno\u015bci ko\u0142a stwarza r\u00f3\u017cnorodne mo\u017cliwo\u015bci organizacyjne cz\u0142onkom ko\u0142a np. opracowywanie wynik\u00f3w bada\u0144 i ich prezentacji zar\u00f3wno podczas spotka\u0144 cz\u0142onk\u00f3w ko\u0142a, jak r\u00f3wnie\u017c w trakcie zjazd\u00f3w integracyjnych czy wizyt w przedsi\u0119biorstwach wykorzystuj\u0105cych nowoczesne technologie produkcyjne.  <\/p>\n\n\n\n<p>\nJedn\u0105\nz form dzia\u0142alno\u015bci dydaktycznej nowoczesnych uczelni,\nrozszerzaj\u0105c\u0105 mo\u017cliwo\u015bci pozyskiwania wiedzy, jest uczestnictwo w\nkonferencjach studenckich, kt\u00f3re w ostatnich latach prze\u017cywaj\u0105\nsw\u00f3j renesans. Jedn\u0105 z takich propozycji jest Mi\u0119dzynarodowa\nStudencka Konferencja Naukowa TalentDetector2022_Summermaj\u0105ca na celu\nzintegrowanie \u015brodowiska studenckiego i naukowego oraz m\u0142odej kadry\n\u015bl\u0105skich o\u015brodk\u00f3w naukowych zajmuj\u0105cych si\u0119 tematyk\u0105 dotycz\u0105c\u0105\ntechnologii materia\u0142owych. Jest to miejsce daj\u0105ce mo\u017cliwo\u015b\u0107\nwymiany do\u015bwiadcze\u0144, wiedzy, umiej\u0119tno\u015bci oraz prezentacji\ndotychczasowego dorobku naukowego rozwijaj\u0105ce i poszerzaj\u0105ce\nzainteresowania student\u00f3w w zakresie in\u017cynierii materia\u0142owej,\nin\u017cynierii powierzchni, biomateria\u0142\u00f3w i in\u017cynierii biomedycznej,\nnanotechnologii, technologii proekologicznych oraz komputerowej nauki\no materia\u0142ach. Konferencja pozwala przedstawienie projekt\u00f3w\nprowadzonych z przemys\u0142em, w ramach dzia\u0142alno\u015bci Studenckich K\u00f3\u0142\nNaukowych, doktorat\u00f3w wdro\u017ceniowych oraz projekt\u00f3w realizowanych w\nformie PBL \u2013 Project Based Learning.<\/p>\n","protected":false},"excerpt":{"rendered":"<p>Sesja naukowa: Innovative and additive manufacturing technology \u2013 new technological solutions for 3D printing of metals and composite materials &nbsp; Innovative and additive manufacturing technology&hellip;<\/p>\n","protected":false},"author":1,"featured_media":0,"parent":0,"menu_order":0,"comment_status":"closed","ping_status":"closed","template":"","meta":{"footnotes":""},"_links":{"self":[{"href":"https:\/\/mts.polsl.pl\/pl\/index.php?rest_route=\/wp\/v2\/pages\/279"}],"collection":[{"href":"https:\/\/mts.polsl.pl\/pl\/index.php?rest_route=\/wp\/v2\/pages"}],"about":[{"href":"https:\/\/mts.polsl.pl\/pl\/index.php?rest_route=\/wp\/v2\/types\/page"}],"author":[{"embeddable":true,"href":"https:\/\/mts.polsl.pl\/pl\/index.php?rest_route=\/wp\/v2\/users\/1"}],"replies":[{"embeddable":true,"href":"https:\/\/mts.polsl.pl\/pl\/index.php?rest_route=%2Fwp%2Fv2%2Fcomments&post=279"}],"version-history":[{"count":7,"href":"https:\/\/mts.polsl.pl\/pl\/index.php?rest_route=\/wp\/v2\/pages\/279\/revisions"}],"predecessor-version":[{"id":385,"href":"https:\/\/mts.polsl.pl\/pl\/index.php?rest_route=\/wp\/v2\/pages\/279\/revisions\/385"}],"wp:attachment":[{"href":"https:\/\/mts.polsl.pl\/pl\/index.php?rest_route=%2Fwp%2Fv2%2Fmedia&parent=279"}],"curies":[{"name":"wp","href":"https:\/\/api.w.org\/{rel}","templated":true}]}}