{"id":185,"date":"2019-03-19T10:58:13","date_gmt":"2019-03-19T09:58:13","guid":{"rendered":"http:\/\/mts.polsl.pl\/?page_id=185"},"modified":"2022-05-26T11:51:23","modified_gmt":"2022-05-26T09:51:23","slug":"%ef%bb%bfkomitet-programowy-konferencji","status":"publish","type":"page","link":"https:\/\/mts.polsl.pl\/pl\/?page_id=185","title":{"rendered":"\ufeffKomitet Programowy Konferencji"},"content":{"rendered":"\n<p><strong>Przewodnicz\u0105cy:<\/strong><\/p>\n\n\n\n<p><strong>dr hab. in\u017c. Miros\u0142aw Bonek, prof. P\u015a<\/strong> \u2013 Politechnika \u015al\u0105ska<\/p>\n\n\n\n<br>\n\n\n\n<p>\n<strong>dr\nhab. in\u017c. Marcin Adamiak, prof. P\u015a<\/strong>&nbsp;\u2013\nPolitechnika \u015al\u0105ska<\/p>\n\n\n\n<p>\n<strong>dr\nhab. in\u017c. Grzegorz Matula, prof. P\u015a<\/strong>&nbsp;\u2013\nPolitechnika \u015al\u0105ska<\/p>\n\n\n\n<p><strong>dr hab. in\u017c Marek Sroka, prof. P\u015a<\/strong> <strong> <\/strong>\u2013 Politechnika \u015al\u0105ska<\/p>\n\n\n\n<p><strong>dr in\u017c. Wojciech G\u0142uchowski<\/strong> \u2013 Sie\u0107 Badawcza \u0141ukasiewicz &#8211; Instytut Metali Nie\u017celaznych<\/p>\n\n\n\n<p><strong>dr hab. in\u017c. Jaros\u0142aw Marcisz<\/strong> \u2013 Sie\u0107 Badawcza \u0141ukasiewicz &#8211; Instytut Metalurgii \u017belaza<\/p>\n\n\n\n<p><strong>dr hab. in\u017c. Zygmunt Mikno<\/strong> &#8211;<strong> <\/strong>Sie\u0107 Badawcza \u0141ukasiewicz \u2013 Instytut Spawalnictwa<\/p>\n\n\n\n<p><strong>dr in\u017c. Marek W\u0119glowski<\/strong> &#8211; Sie\u0107 Badawcza \u0141ukasiewicz \u2013 Instytut Spawalnictwa<\/p>\n\n\n\n<p><strong>dr in\u017c. Agnieszka Szczotok<\/strong> &#8211; Politechnika \u015al\u0105ska<\/p>\n\n\n\n<p><strong>dr hab. in\u017c. Grzegorz Gola\u0144ski, prof. PCz<\/strong> \u2013 Politechnika Cz\u0119stochowska<\/p>\n\n\n\n<p><strong>dr hab. in\u017c. Marcin Nabia\u0142ek, prof. PCz<\/strong> \u2013 Politechnika Cz\u0119stochowska<\/p>\n\n\n\n<br><br><br><br>\n","protected":false},"excerpt":{"rendered":"<p>Przewodnicz\u0105cy: dr hab. in\u017c. Miros\u0142aw Bonek, prof. P\u015a \u2013 Politechnika \u015al\u0105ska dr hab. in\u017c. Marcin Adamiak, prof. P\u015a&nbsp;\u2013 Politechnika \u015al\u0105ska dr hab. in\u017c. Grzegorz Matula,&hellip;<\/p>\n","protected":false},"author":1,"featured_media":0,"parent":0,"menu_order":0,"comment_status":"closed","ping_status":"closed","template":"","meta":{"footnotes":""},"_links":{"self":[{"href":"https:\/\/mts.polsl.pl\/pl\/index.php?rest_route=\/wp\/v2\/pages\/185"}],"collection":[{"href":"https:\/\/mts.polsl.pl\/pl\/index.php?rest_route=\/wp\/v2\/pages"}],"about":[{"href":"https:\/\/mts.polsl.pl\/pl\/index.php?rest_route=\/wp\/v2\/types\/page"}],"author":[{"embeddable":true,"href":"https:\/\/mts.polsl.pl\/pl\/index.php?rest_route=\/wp\/v2\/users\/1"}],"replies":[{"embeddable":true,"href":"https:\/\/mts.polsl.pl\/pl\/index.php?rest_route=%2Fwp%2Fv2%2Fcomments&post=185"}],"version-history":[{"count":23,"href":"https:\/\/mts.polsl.pl\/pl\/index.php?rest_route=\/wp\/v2\/pages\/185\/revisions"}],"predecessor-version":[{"id":532,"href":"https:\/\/mts.polsl.pl\/pl\/index.php?rest_route=\/wp\/v2\/pages\/185\/revisions\/532"}],"wp:attachment":[{"href":"https:\/\/mts.polsl.pl\/pl\/index.php?rest_route=%2Fwp%2Fv2%2Fmedia&parent=185"}],"curies":[{"name":"wp","href":"https:\/\/api.w.org\/{rel}","templated":true}]}}