{"id":16,"date":"2019-02-27T14:24:06","date_gmt":"2019-02-27T13:24:06","guid":{"rendered":"http:\/\/mts.polsl.pl\/?page_id=16"},"modified":"2022-02-11T12:07:05","modified_gmt":"2022-02-11T11:07:05","slug":"3-2","status":"publish","type":"page","link":"https:\/\/mts.polsl.pl\/pl\/?page_id=16","title":{"rendered":"Komitet Organizacyjny Konferencji"},"content":{"rendered":"\n<p><strong>dr hab. in\u017c. Miros\u0142aw Bonek, prof. P\u015a<\/strong> \u2013 przewodnicz\u0105cy Komitetu <\/p>\n\n\n\n<p><strong>dr hab. Agata \u015aliwa, prof. P\u015a<\/strong> \u2013 Stowarzyszenie Wychowank\u00f3w Politechniki \u015al\u0105skiej<\/p>\n\n\n\n<p><strong>mgr in\u017c. Ksenia Czardyban<\/strong> \u2013 Stowarzyszenie Wychowank\u00f3w Politechniki \u015al\u0105skiej<\/p>\n\n\n\n<p><br><br><br><br><\/p>\n","protected":false},"excerpt":{"rendered":"<p>dr hab. in\u017c. Miros\u0142aw Bonek, prof. P\u015a \u2013 przewodnicz\u0105cy Komitetu dr hab. Agata \u015aliwa, prof. P\u015a \u2013 Stowarzyszenie Wychowank\u00f3w Politechniki \u015al\u0105skiej mgr in\u017c. Ksenia Czardyban&hellip;<\/p>\n","protected":false},"author":1,"featured_media":0,"parent":0,"menu_order":0,"comment_status":"closed","ping_status":"closed","template":"","meta":{"footnotes":""},"_links":{"self":[{"href":"https:\/\/mts.polsl.pl\/pl\/index.php?rest_route=\/wp\/v2\/pages\/16"}],"collection":[{"href":"https:\/\/mts.polsl.pl\/pl\/index.php?rest_route=\/wp\/v2\/pages"}],"about":[{"href":"https:\/\/mts.polsl.pl\/pl\/index.php?rest_route=\/wp\/v2\/types\/page"}],"author":[{"embeddable":true,"href":"https:\/\/mts.polsl.pl\/pl\/index.php?rest_route=\/wp\/v2\/users\/1"}],"replies":[{"embeddable":true,"href":"https:\/\/mts.polsl.pl\/pl\/index.php?rest_route=%2Fwp%2Fv2%2Fcomments&post=16"}],"version-history":[{"count":14,"href":"https:\/\/mts.polsl.pl\/pl\/index.php?rest_route=\/wp\/v2\/pages\/16\/revisions"}],"predecessor-version":[{"id":480,"href":"https:\/\/mts.polsl.pl\/pl\/index.php?rest_route=\/wp\/v2\/pages\/16\/revisions\/480"}],"wp:attachment":[{"href":"https:\/\/mts.polsl.pl\/pl\/index.php?rest_route=%2Fwp%2Fv2%2Fmedia&parent=16"}],"curies":[{"name":"wp","href":"https:\/\/api.w.org\/{rel}","templated":true}]}}