{"id":15,"date":"2019-02-27T14:24:06","date_gmt":"2019-02-27T13:24:06","guid":{"rendered":"http:\/\/mts.polsl.pl\/?page_id=15"},"modified":"2022-05-26T12:10:28","modified_gmt":"2022-05-26T10:10:28","slug":"2-2","status":"publish","type":"page","link":"https:\/\/mts.polsl.pl\/pl\/?page_id=15","title":{"rendered":"Komitet Naukowy Konferencji"},"content":{"rendered":"\n<p><strong>prof. dr hab. in\u017c. Arkadiusz M\u0119\u017cyk<\/strong> \u2013 Politechnika \u015al\u0105ska<\/p>\n\n\n\n<p><strong>dr hab. in\u017c. Anna Timofiejczuk, <\/strong>prof. P\u015a \u2013 Politechnika \u015al\u0105ska<\/p>\n\n\n\n<p><strong>dr hab. in\u017c. Tomasz Ta\u0144ski, <\/strong>prof. P\u015a \u2013 Politechnika \u015al\u0105ska<\/p>\n\n\n\n<p><strong> dr hab. in\u017c. Dariusz Bartocha, <\/strong>prof. P\u015a \u2013 Politechnika \u015al\u0105ska<\/p>\n\n\n\n<p><strong>dr hab. in\u017c. Jacek G\u00f3rka, <\/strong>prof. P\u015a \u2013 Politechnika \u015al\u0105ska<\/p>\n\n\n\n<p><strong>dr hab. in\u017c. Bogus\u0142aw Mendala, <\/strong>prof. P\u015a \u2013 Politechnika \u015al\u0105ska<\/p>\n\n\n\n<p><strong>prof. dr hab. in\u017c. Adam Zieli\u0144ski <\/strong> \u2013 Sie\u0107 Badawcza \u0141ukasiewicz &#8211; Instytut Metalurgii \u017belaza<\/p>\n\n\n\n<p><strong>dr in\u017c. Barbara Juszczyk<\/strong>\u2013 Sie\u0107 Badawcza \u0141ukasiewicz &#8211;  Instytut Metali Nie\u017celaznych<\/p>\n\n\n\n<p> <strong>dr in\u017c. Adam Pietras <\/strong>&#8211; Sie\u0107 Badawcza \u0141ukasiewicz \u2013 Instytut Spawalnictwa<\/p>\n\n\n\n<p><strong>prof. dr hab. in\u017c. Jerzy Wys\u0142ocki<\/strong> \u2013 Politechnika Cz\u0119stochowska<\/p>\n\n\n\n<p><strong>dr hab. in\u017c. Tomasz Goryczka,<\/strong> prof. U\u015a \u2013 Uniwersytet \u015al\u0105ski<\/p>\n\n\n\n<br><br><br><br>\n","protected":false},"excerpt":{"rendered":"<p>prof. dr hab. in\u017c. Arkadiusz M\u0119\u017cyk \u2013 Politechnika \u015al\u0105ska dr hab. in\u017c. Anna Timofiejczuk, prof. P\u015a \u2013 Politechnika \u015al\u0105ska dr hab. in\u017c. Tomasz Ta\u0144ski, prof.&hellip;<\/p>\n","protected":false},"author":1,"featured_media":0,"parent":0,"menu_order":0,"comment_status":"closed","ping_status":"closed","template":"","meta":{"footnotes":""},"_links":{"self":[{"href":"https:\/\/mts.polsl.pl\/pl\/index.php?rest_route=\/wp\/v2\/pages\/15"}],"collection":[{"href":"https:\/\/mts.polsl.pl\/pl\/index.php?rest_route=\/wp\/v2\/pages"}],"about":[{"href":"https:\/\/mts.polsl.pl\/pl\/index.php?rest_route=\/wp\/v2\/types\/page"}],"author":[{"embeddable":true,"href":"https:\/\/mts.polsl.pl\/pl\/index.php?rest_route=\/wp\/v2\/users\/1"}],"replies":[{"embeddable":true,"href":"https:\/\/mts.polsl.pl\/pl\/index.php?rest_route=%2Fwp%2Fv2%2Fcomments&post=15"}],"version-history":[{"count":21,"href":"https:\/\/mts.polsl.pl\/pl\/index.php?rest_route=\/wp\/v2\/pages\/15\/revisions"}],"predecessor-version":[{"id":543,"href":"https:\/\/mts.polsl.pl\/pl\/index.php?rest_route=\/wp\/v2\/pages\/15\/revisions\/543"}],"wp:attachment":[{"href":"https:\/\/mts.polsl.pl\/pl\/index.php?rest_route=%2Fwp%2Fv2%2Fmedia&parent=15"}],"curies":[{"name":"wp","href":"https:\/\/api.w.org\/{rel}","templated":true}]}}