{"id":14,"date":"2019-02-27T14:24:06","date_gmt":"2019-02-27T13:24:06","guid":{"rendered":"http:\/\/mts.polsl.pl\/?page_id=14"},"modified":"2022-01-05T13:08:40","modified_gmt":"2022-01-05T12:08:40","slug":"1-2","status":"publish","type":"page","link":"https:\/\/mts.polsl.pl\/pl\/?page_id=14","title":{"rendered":"Patronat"},"content":{"rendered":"\n<p><strong>Prof. dr hab. in\u017c. Arkadiusz M\u0119\u017cyk<\/strong><\/p>\n\n\n\n<p>Rektor Politechniki \u015al\u0105skiej<\/p>\n\n\n\n<p>&nbsp;<br><br><br><br><br><br><br><br><br><br><\/p>\n","protected":false},"excerpt":{"rendered":"<p>Prof. dr hab. in\u017c. Arkadiusz M\u0119\u017cyk Rektor Politechniki \u015al\u0105skiej &nbsp;<\/p>\n","protected":false},"author":1,"featured_media":0,"parent":0,"menu_order":0,"comment_status":"closed","ping_status":"closed","template":"","meta":{"footnotes":""},"_links":{"self":[{"href":"https:\/\/mts.polsl.pl\/pl\/index.php?rest_route=\/wp\/v2\/pages\/14"}],"collection":[{"href":"https:\/\/mts.polsl.pl\/pl\/index.php?rest_route=\/wp\/v2\/pages"}],"about":[{"href":"https:\/\/mts.polsl.pl\/pl\/index.php?rest_route=\/wp\/v2\/types\/page"}],"author":[{"embeddable":true,"href":"https:\/\/mts.polsl.pl\/pl\/index.php?rest_route=\/wp\/v2\/users\/1"}],"replies":[{"embeddable":true,"href":"https:\/\/mts.polsl.pl\/pl\/index.php?rest_route=%2Fwp%2Fv2%2Fcomments&post=14"}],"version-history":[{"count":13,"href":"https:\/\/mts.polsl.pl\/pl\/index.php?rest_route=\/wp\/v2\/pages\/14\/revisions"}],"predecessor-version":[{"id":461,"href":"https:\/\/mts.polsl.pl\/pl\/index.php?rest_route=\/wp\/v2\/pages\/14\/revisions\/461"}],"wp:attachment":[{"href":"https:\/\/mts.polsl.pl\/pl\/index.php?rest_route=%2Fwp%2Fv2%2Fmedia&parent=14"}],"curies":[{"name":"wp","href":"https:\/\/api.w.org\/{rel}","templated":true}]}}