{"id":57,"date":"2019-07-04T12:27:04","date_gmt":"2019-07-04T10:27:04","guid":{"rendered":"http:\/\/mts.polsl.pl\/en\/?page_id=57"},"modified":"2022-03-11T14:06:14","modified_gmt":"2022-03-11T13:06:14","slug":"57-2","status":"publish","type":"page","link":"https:\/\/mts.polsl.pl\/en\/?page_id=57","title":{"rendered":"Conference fee"},"content":{"rendered":"\n<table class=\"wp-block-table\"><tbody><tr><td>   <strong>Conference fee::<br> <\/strong>(participation in sessions, meals, coffee breaks, 3 nights (in single or double rooms &#8211; the number of places is limited, the order of applications decides), social program, conference materials, abstracts book) : <\/td><td>   <strong>3150 PLN<\/strong>  <\/td><\/tr><\/tbody><\/table>\n\n\n\n<p>The deadline for sending applications with abstracts<strong>: 31.03.2022<\/strong><\/p>\n\n\n\n<p>The deadline for conference fee<strong>: 31.03.2022<\/strong><\/p>\n\n\n\n<p><strong>Bank transfer:<\/strong><\/p>\n\n\n\n<table class=\"wp-block-table\"><tbody><tr><td><strong>Account name<\/strong><\/td><td> Stowarzyszenie Wychowank\u00f3w Politechniki \u015al\u0105skiej<br> Ko\u0142o In\u017cynierii Materia\u0142owej<br> 44-100 Gliwice, ul. Pszczy\u0144ska 85  <\/td><\/tr><tr><td><strong>Bank name   <\/strong> <\/td><td>ING BANK \u015aL\u0104SKI S.A. <\/td><\/tr><tr><td><strong>Account number   <\/strong> <\/td><td>49 1050 1298 1000 0090 8084 1175    <\/td><\/tr><tr><td><strong>Swift code<\/strong><\/td><td>INGBPLPW   <\/td><\/tr><tr><td><strong>Required remark<\/strong><\/td><td>Conference MTS\u20192022, Name of the participant   <\/td><\/tr><tr><td><strong>Taxpayer identification number (NIP)N <\/strong>  <\/td><td>631-10-69-505   <\/td><\/tr><\/tbody><\/table>\n","protected":false},"excerpt":{"rendered":"<p>Conference fee:: (participation in sessions, meals, coffee breaks, 3 nights (in single or double rooms &#8211; the number of places is limited, the order of&hellip;<\/p>\n","protected":false},"author":1,"featured_media":0,"parent":0,"menu_order":0,"comment_status":"closed","ping_status":"closed","template":"","meta":{"footnotes":""},"_links":{"self":[{"href":"https:\/\/mts.polsl.pl\/en\/index.php?rest_route=\/wp\/v2\/pages\/57"}],"collection":[{"href":"https:\/\/mts.polsl.pl\/en\/index.php?rest_route=\/wp\/v2\/pages"}],"about":[{"href":"https:\/\/mts.polsl.pl\/en\/index.php?rest_route=\/wp\/v2\/types\/page"}],"author":[{"embeddable":true,"href":"https:\/\/mts.polsl.pl\/en\/index.php?rest_route=\/wp\/v2\/users\/1"}],"replies":[{"embeddable":true,"href":"https:\/\/mts.polsl.pl\/en\/index.php?rest_route=%2Fwp%2Fv2%2Fcomments&post=57"}],"version-history":[{"count":9,"href":"https:\/\/mts.polsl.pl\/en\/index.php?rest_route=\/wp\/v2\/pages\/57\/revisions"}],"predecessor-version":[{"id":213,"href":"https:\/\/mts.polsl.pl\/en\/index.php?rest_route=\/wp\/v2\/pages\/57\/revisions\/213"}],"wp:attachment":[{"href":"https:\/\/mts.polsl.pl\/en\/index.php?rest_route=%2Fwp%2Fv2%2Fmedia&parent=57"}],"curies":[{"name":"wp","href":"https:\/\/api.w.org\/{rel}","templated":true}]}}