{"id":42,"date":"2019-07-04T11:57:50","date_gmt":"2019-07-04T09:57:50","guid":{"rendered":"http:\/\/mts.polsl.pl\/en\/?page_id=42"},"modified":"2022-02-11T12:08:47","modified_gmt":"2022-02-11T11:08:47","slug":"organising-committee","status":"publish","type":"page","link":"https:\/\/mts.polsl.pl\/en\/?page_id=42","title":{"rendered":"Organising Committee"},"content":{"rendered":"\n<p><strong>dr hab. in\u017c. Miros\u0142aw Bonek, prof. P\u015a<\/strong> \u2013 Chairman of Conference Organising Committee<\/p>\n\n\n\n<p> <strong>dr hab. Agata \u015aliwa, prof. P\u015a<\/strong> \u2013 Silesian University of Technology Alumni Association, Circle of Materials Engineering at the Division of the Faculty of Mechanical Engineering<\/p>\n\n\n\n<p>\n<strong>mgr\nin\u017c. Ksenia Czardyban<\/strong>&nbsp;\u2013\nSilesian University of Technology Alumni Association,\nCircle of Materials Engineering at the Division of the Faculty of\nMechanical Engineering<\/p>\n","protected":false},"excerpt":{"rendered":"<p>dr hab. in\u017c. Miros\u0142aw Bonek, prof. P\u015a \u2013 Chairman of Conference Organising Committee dr hab. Agata \u015aliwa, prof. P\u015a \u2013 Silesian University of Technology Alumni&hellip;<\/p>\n","protected":false},"author":1,"featured_media":0,"parent":0,"menu_order":0,"comment_status":"closed","ping_status":"closed","template":"","meta":{"footnotes":""},"_links":{"self":[{"href":"https:\/\/mts.polsl.pl\/en\/index.php?rest_route=\/wp\/v2\/pages\/42"}],"collection":[{"href":"https:\/\/mts.polsl.pl\/en\/index.php?rest_route=\/wp\/v2\/pages"}],"about":[{"href":"https:\/\/mts.polsl.pl\/en\/index.php?rest_route=\/wp\/v2\/types\/page"}],"author":[{"embeddable":true,"href":"https:\/\/mts.polsl.pl\/en\/index.php?rest_route=\/wp\/v2\/users\/1"}],"replies":[{"embeddable":true,"href":"https:\/\/mts.polsl.pl\/en\/index.php?rest_route=%2Fwp%2Fv2%2Fcomments&post=42"}],"version-history":[{"count":5,"href":"https:\/\/mts.polsl.pl\/en\/index.php?rest_route=\/wp\/v2\/pages\/42\/revisions"}],"predecessor-version":[{"id":201,"href":"https:\/\/mts.polsl.pl\/en\/index.php?rest_route=\/wp\/v2\/pages\/42\/revisions\/201"}],"wp:attachment":[{"href":"https:\/\/mts.polsl.pl\/en\/index.php?rest_route=%2Fwp%2Fv2%2Fmedia&parent=42"}],"curies":[{"name":"wp","href":"https:\/\/api.w.org\/{rel}","templated":true}]}}